{"id":1276,"date":"2013-09-20T11:58:14","date_gmt":"2013-09-20T09:58:14","guid":{"rendered":"http:\/\/www.radiocampusculturae.org\/?page_id=1276"},"modified":"2017-01-12T16:50:43","modified_gmt":"2017-01-12T15:50:43","slug":"todas-as-manas-do-mundo","status":"publish","type":"page","link":"http:\/\/www.radiocampusculturae.org\/es\/todas-as-manas-do-mundo\/","title":{"rendered":"Todas As Ma\u00f1\u00e1s Do Mundo"},"content":{"rendered":"<p>Programa de viajes por pa\u00edses, lenguas y culturas.<br \/>\n<iframe loading=\"lazy\" src=\"http:\/\/www.ivoox.com\/player_es_podcast_261718_1.html\" width=\"100%\" style=\"border: 1px solid #D7D7D7;\" height=\"440\" frameborder=\"0\" allowfullscreen=\"0\" scrolling=\"no\" ><\/iframe><\/p>\n","protected":false},"excerpt":{"rendered":"<p>Programa de viajes por pa\u00edses, lenguas y culturas.<\/p>\n","protected":false},"author":1,"featured_media":0,"parent":0,"menu_order":0,"comment_status":"closed","ping_status":"closed","template":"","meta":{"footnotes":""},"class_list":["post-1276","page","type-page","status-publish","hentry"],"translation":{"provider":"WPGlobus","version":"3.0.2","language":"es","enabled_languages":["gl","es"],"languages":{"gl":{"title":true,"content":true,"excerpt":false},"es":{"title":true,"content":true,"excerpt":false}}},"_links":{"self":[{"href":"http:\/\/www.radiocampusculturae.org\/es\/wp-json\/wp\/v2\/pages\/1276","targetHints":{"allow":["GET"]}}],"collection":[{"href":"http:\/\/www.radiocampusculturae.org\/es\/wp-json\/wp\/v2\/pages"}],"about":[{"href":"http:\/\/www.radiocampusculturae.org\/es\/wp-json\/wp\/v2\/types\/page"}],"author":[{"embeddable":true,"href":"http:\/\/www.radiocampusculturae.org\/es\/wp-json\/wp\/v2\/users\/1"}],"replies":[{"embeddable":true,"href":"http:\/\/www.radiocampusculturae.org\/es\/wp-json\/wp\/v2\/comments?post=1276"}],"version-history":[{"count":2,"href":"http:\/\/www.radiocampusculturae.org\/es\/wp-json\/wp\/v2\/pages\/1276\/revisions"}],"predecessor-version":[{"id":1278,"href":"http:\/\/www.radiocampusculturae.org\/es\/wp-json\/wp\/v2\/pages\/1276\/revisions\/1278"}],"wp:attachment":[{"href":"http:\/\/www.radiocampusculturae.org\/es\/wp-json\/wp\/v2\/media?parent=1276"}],"curies":[{"name":"wp","href":"https:\/\/api.w.org\/{rel}","templated":true}]}}