{"id":2032,"date":"2017-03-25T17:13:50","date_gmt":"2017-03-25T16:13:50","guid":{"rendered":"http:\/\/www.radiocampusculturae.org\/?page_id=2032"},"modified":"2017-11-01T18:58:14","modified_gmt":"2017-11-01T17:58:14","slug":"arre-demo","status":"publish","type":"page","link":"http:\/\/www.radiocampusculturae.org\/es\/arre-demo\/","title":{"rendered":"Arre Demo!"},"content":{"rendered":"<p style=\"text-align: justify;\"><a href=\"http:\/\/www.radiocampusculturae.org\/wp-content\/uploads\/2015\/11\/Logo-Arre-Demo-1.jpg\"><img loading=\"lazy\" decoding=\"async\" class=\"alignleft wp-image-2803 size-thumbnail\" src=\"http:\/\/www.radiocampusculturae.org\/wp-content\/uploads\/2015\/11\/Logo-Arre-Demo-1-150x150.jpg\" alt=\"Arre Demo!\" width=\"150\" height=\"150\" srcset=\"http:\/\/www.radiocampusculturae.org\/wp-content\/uploads\/2015\/11\/Logo-Arre-Demo-1-150x150.jpg 150w, http:\/\/www.radiocampusculturae.org\/wp-content\/uploads\/2015\/11\/Logo-Arre-Demo-1-300x300.jpg 300w, http:\/\/www.radiocampusculturae.org\/wp-content\/uploads\/2015\/11\/Logo-Arre-Demo-1-768x771.jpg 768w, http:\/\/www.radiocampusculturae.org\/wp-content\/uploads\/2015\/11\/Logo-Arre-Demo-1-1021x1024.jpg 1021w, http:\/\/www.radiocampusculturae.org\/wp-content\/uploads\/2015\/11\/Logo-Arre-Demo-1-550x550.jpg 550w, http:\/\/www.radiocampusculturae.org\/wp-content\/uploads\/2015\/11\/Logo-Arre-Demo-1-400x400.jpg 400w, http:\/\/www.radiocampusculturae.org\/wp-content\/uploads\/2015\/11\/Logo-Arre-Demo-1-797x800.jpg 797w, http:\/\/www.radiocampusculturae.org\/wp-content\/uploads\/2015\/11\/Logo-Arre-Demo-1.jpg 1196w\" sizes=\"auto, (max-width: 150px) 100vw, 150px\" \/><\/a>Programa de humor y actualidad, lleno de \u00abretranca\u00bb (similar a la iron\u00eda) y mucho espect\u00e1culo radiof\u00f3nico al estilo \u00abmorning show\u00bb.<br \/>\n<strong>Equipo:<\/strong> David Leiro, Miguel G\u00f3mez<br \/>\n<iframe loading=\"lazy\" style=\"border: 1px solid #D7D7D7;\" src=\"http:\/\/www.ivoox.com\/player_es_podcast_401907_1.html\" width=\"100%\" height=\"440\" frameborder=\"0\" scrolling=\"no\" allowfullscreen=\"allowfullscreen\"><\/iframe><\/p>\n","protected":false},"excerpt":{"rendered":"<p>Programa de humor y actualidad, lleno de \u00abretranca\u00bb (similar a la iron\u00eda) y mucho espect\u00e1culo&#8230;<\/p>\n","protected":false},"author":1,"featured_media":0,"parent":0,"menu_order":0,"comment_status":"closed","ping_status":"closed","template":"","meta":{"footnotes":""},"class_list":["post-2032","page","type-page","status-publish","hentry"],"translation":{"provider":"WPGlobus","version":"3.0.2","language":"es","enabled_languages":["gl","es"],"languages":{"gl":{"title":true,"content":true,"excerpt":false},"es":{"title":true,"content":true,"excerpt":false}}},"_links":{"self":[{"href":"http:\/\/www.radiocampusculturae.org\/es\/wp-json\/wp\/v2\/pages\/2032","targetHints":{"allow":["GET"]}}],"collection":[{"href":"http:\/\/www.radiocampusculturae.org\/es\/wp-json\/wp\/v2\/pages"}],"about":[{"href":"http:\/\/www.radiocampusculturae.org\/es\/wp-json\/wp\/v2\/types\/page"}],"author":[{"embeddable":true,"href":"http:\/\/www.radiocampusculturae.org\/es\/wp-json\/wp\/v2\/users\/1"}],"replies":[{"embeddable":true,"href":"http:\/\/www.radiocampusculturae.org\/es\/wp-json\/wp\/v2\/comments?post=2032"}],"version-history":[{"count":5,"href":"http:\/\/www.radiocampusculturae.org\/es\/wp-json\/wp\/v2\/pages\/2032\/revisions"}],"predecessor-version":[{"id":2810,"href":"http:\/\/www.radiocampusculturae.org\/es\/wp-json\/wp\/v2\/pages\/2032\/revisions\/2810"}],"wp:attachment":[{"href":"http:\/\/www.radiocampusculturae.org\/es\/wp-json\/wp\/v2\/media?parent=2032"}],"curies":[{"name":"wp","href":"https:\/\/api.w.org\/{rel}","templated":true}]}}