{"id":1267,"date":"2013-09-20T11:52:57","date_gmt":"2013-09-20T09:52:57","guid":{"rendered":"http:\/\/www.radiocampusculturae.org\/?page_id=1267"},"modified":"2017-01-12T16:50:23","modified_gmt":"2017-01-12T15:50:23","slug":"neurobeat","status":"publish","type":"page","link":"https:\/\/www.radiocampusculturae.org\/es\/neurobeat\/","title":{"rendered":"Neurobeat"},"content":{"rendered":"<p>Programa de ciencia, tecnolog\u00eda y m\u00fasica electr\u00f3nica.<br \/>\n<iframe loading=\"lazy\" src=\"http:\/\/www.ivoox.com\/player_es_podcast_260192_1.html\" width=\"100%\" style=\"border: 1px solid #D7D7D7;\" height=\"440\" frameborder=\"0\" allowfullscreen=\"0\" scrolling=\"no\" ><\/iframe><\/p>\n","protected":false},"excerpt":{"rendered":"<p>Programa de ciencia, tecnolog\u00eda y m\u00fasica electr\u00f3nica.<\/p>\n","protected":false},"author":1,"featured_media":0,"parent":0,"menu_order":0,"comment_status":"closed","ping_status":"closed","template":"","meta":{"footnotes":""},"class_list":["post-1267","page","type-page","status-publish","hentry"],"translation":{"provider":"WPGlobus","version":"3.0.2","language":"es","enabled_languages":["gl","es"],"languages":{"gl":{"title":true,"content":true,"excerpt":false},"es":{"title":true,"content":true,"excerpt":false}}},"_links":{"self":[{"href":"https:\/\/www.radiocampusculturae.org\/es\/wp-json\/wp\/v2\/pages\/1267","targetHints":{"allow":["GET"]}}],"collection":[{"href":"https:\/\/www.radiocampusculturae.org\/es\/wp-json\/wp\/v2\/pages"}],"about":[{"href":"https:\/\/www.radiocampusculturae.org\/es\/wp-json\/wp\/v2\/types\/page"}],"author":[{"embeddable":true,"href":"https:\/\/www.radiocampusculturae.org\/es\/wp-json\/wp\/v2\/users\/1"}],"replies":[{"embeddable":true,"href":"https:\/\/www.radiocampusculturae.org\/es\/wp-json\/wp\/v2\/comments?post=1267"}],"version-history":[{"count":2,"href":"https:\/\/www.radiocampusculturae.org\/es\/wp-json\/wp\/v2\/pages\/1267\/revisions"}],"predecessor-version":[{"id":1269,"href":"https:\/\/www.radiocampusculturae.org\/es\/wp-json\/wp\/v2\/pages\/1267\/revisions\/1269"}],"wp:attachment":[{"href":"https:\/\/www.radiocampusculturae.org\/es\/wp-json\/wp\/v2\/media?parent=1267"}],"curies":[{"name":"wp","href":"https:\/\/api.w.org\/{rel}","templated":true}]}}