{"id":250,"date":"2015-12-03T21:03:52","date_gmt":"2015-12-03T20:03:52","guid":{"rendered":"http:\/\/www.radiocampusculturae.wesped.es\/?page_id=250"},"modified":"2017-01-12T16:49:06","modified_gmt":"2017-01-12T15:49:06","slug":"codigo-etico","status":"publish","type":"page","link":"https:\/\/www.radiocampusculturae.org\/es\/codigo-etico\/","title":{"rendered":"C\u00f3digo \u00e9tico"},"content":{"rendered":"<p style=\"text-align: justify;\">El lenguaje es la herramienta esencial de todo comunicador, por lo tanto toda persona que colabore en esta emisora universitaria debe cuidar los t\u00e9rminos a utilizar y regirse por los siguientes principios b\u00e1sicos:<\/p>\n<ol>\n<li style=\"text-align: justify;\">Tratar a todas las personas y oyentes con respeto y cortes\u00eda<\/li>\n<li style=\"text-align: justify;\">Velar para que los contenidos de los programas no sean racistas ni utilicen un lenguaje discriminatorio.<\/li>\n<li style=\"text-align: justify;\">Cuidar el uso del lenguaje y el humor por parte de los redactores, productores y locutores.<\/li>\n<li style=\"text-align: justify;\">Hacer uso de un l\u00e9xico sencillo pero sin utilizar palabras malsonantes ni caer en la vulgaridad.<\/li>\n<li style=\"text-align: justify;\">No promover ni incentivar la violencia bajo ninguna de sus formas y tomar posici\u00f3n en casos de discriminaci\u00f3n, violaci\u00f3n, injusticia y\/o violencia de cualquier tipo.<\/li>\n<li style=\"text-align: justify;\">Promover un esp\u00edritu creativo e innovador donde el plagio sea considerado una ofensa grave.<\/li>\n<li style=\"text-align: justify;\">Tener siempre presente el esp\u00edritu docente propio de la misi\u00f3n universitaria.<\/li>\n<li style=\"text-align: justify;\">Promover la pluralidad cultural y social.<\/li>\n<li style=\"text-align: justify;\">Consultar varias fuentes y establecer su idoneidad, con el prop\u00f3sito de alcanzar una informaci\u00f3n objetiva.<\/li>\n<li style=\"text-align: justify;\">Contar con una adecuada planificaci\u00f3n, donde la improvisaci\u00f3n o el trabajo en directo est\u00e9n siempre enmarcados dentro de un esquema (gui\u00f3n) previamente preparado.<\/li>\n<\/ol>\n","protected":false},"excerpt":{"rendered":"<p>El lenguaje es la herramienta esencial de todo comunicador, por lo tanto toda persona que&#8230;<\/p>\n","protected":false},"author":1,"featured_media":0,"parent":0,"menu_order":0,"comment_status":"closed","ping_status":"closed","template":"","meta":{"footnotes":""},"class_list":["post-250","page","type-page","status-publish","hentry"],"translation":{"provider":"WPGlobus","version":"3.0.2","language":"es","enabled_languages":["gl","es"],"languages":{"gl":{"title":true,"content":true,"excerpt":false},"es":{"title":true,"content":true,"excerpt":false}}},"_links":{"self":[{"href":"https:\/\/www.radiocampusculturae.org\/es\/wp-json\/wp\/v2\/pages\/250","targetHints":{"allow":["GET"]}}],"collection":[{"href":"https:\/\/www.radiocampusculturae.org\/es\/wp-json\/wp\/v2\/pages"}],"about":[{"href":"https:\/\/www.radiocampusculturae.org\/es\/wp-json\/wp\/v2\/types\/page"}],"author":[{"embeddable":true,"href":"https:\/\/www.radiocampusculturae.org\/es\/wp-json\/wp\/v2\/users\/1"}],"replies":[{"embeddable":true,"href":"https:\/\/www.radiocampusculturae.org\/es\/wp-json\/wp\/v2\/comments?post=250"}],"version-history":[{"count":4,"href":"https:\/\/www.radiocampusculturae.org\/es\/wp-json\/wp\/v2\/pages\/250\/revisions"}],"predecessor-version":[{"id":255,"href":"https:\/\/www.radiocampusculturae.org\/es\/wp-json\/wp\/v2\/pages\/250\/revisions\/255"}],"wp:attachment":[{"href":"https:\/\/www.radiocampusculturae.org\/es\/wp-json\/wp\/v2\/media?parent=250"}],"curies":[{"name":"wp","href":"https:\/\/api.w.org\/{rel}","templated":true}]}}